{"id":920,"date":"2022-06-03T17:17:32","date_gmt":"2022-06-03T17:17:32","guid":{"rendered":"https:\/\/theme.madsparrow.me\/nicex\/?page_id=920"},"modified":"2024-12-14T20:20:56","modified_gmt":"2024-12-14T17:20:56","slug":"about-us","status":"publish","type":"page","link":"https:\/\/dssmediaproduction.com\/tr\/about-us\/","title":{"rendered":"Hakk\u0131m\u0131zda"},"content":{"rendered":"<div data-elementor-type=\"wp-page\" data-elementor-id=\"920\" class=\"elementor elementor-920\" data-elementor-post-type=\"page\">\n\t\t\t\t\t\t<section class=\"elementor-section elementor-top-section elementor-element elementor-element-68924aa elementor-section-full_width elementor-section-height-min-height elementor-section-height-default elementor-section-items-middle\" data-id=\"68924aa\" data-element_type=\"section\">\n\t\t\t\t\t\t<div class=\"elementor-container elementor-column-gap-custom\">\n\t\t\t\t\t<div class=\"elementor-column elementor-col-100 elementor-top-column elementor-element elementor-element-8e196ca\" data-id=\"8e196ca\" data-element_type=\"column\">\n\t\t\t<div class=\"elementor-widget-wrap elementor-element-populated\">\n\t\t\t\t\t\t<section class=\"elementor-section elementor-inner-section elementor-element elementor-element-b5294fd elementor-section-full_width elementor-section-height-min-height elementor-reverse-mobile elementor-reverse-tablet elementor-section-height-default\" data-id=\"b5294fd\" data-element_type=\"section\">\n\t\t\t\t\t\t<div class=\"elementor-container elementor-column-gap-no\">\n\t\t\t\t\t<div class=\"elementor-column elementor-col-50 elementor-inner-column elementor-element elementor-element-f64d004 has-stretch-block to-left\" data-id=\"f64d004\" data-element_type=\"column\">\n\t\t\t<div class=\"elementor-widget-wrap elementor-element-populated\">\n\t\t\t\t\t\t<div class=\"elementor-element elementor-element-7184a25 elementor-widget elementor-widget-heading\" data-id=\"7184a25\" data-element_type=\"widget\" data-widget_type=\"heading.default\">\n\t\t\t\t<div class=\"elementor-widget-container\">\n\t\t\t<h2 class=\"elementor-heading-title elementor-size-default\">G\u00fcl\u00fcmseyin!<\/h2>\t\t<\/div>\n\t\t\t\t<\/div>\n\t\t\t\t<div class=\"elementor-element elementor-element-2b07790 elementor-widget elementor-widget-heading\" data-id=\"2b07790\" data-element_type=\"widget\" data-widget_type=\"heading.default\">\n\t\t\t\t<div class=\"elementor-widget-container\">\n\t\t\t<h2 class=\"elementor-heading-title elementor-size-default\">\u00c7ekiyoruz...<\/h2>\t\t<\/div>\n\t\t\t\t<\/div>\n\t\t\t\t<div class=\"elementor-element elementor-element-ff9e61a elementor-widget elementor-widget-text-editor\" data-id=\"ff9e61a\" data-element_type=\"widget\" data-widget_type=\"text-editor.default\">\n\t\t\t\t<div class=\"elementor-widget-container\">\n\t\t\t\t\t\t\t<p>DSS Digital Media, dijital medya prod\u00fcksiyonu ve reklamc\u0131l\u0131k alan\u0131nda uzmanlar\u0131 bir araya getiren ve markalara benzersiz ve yenilik\u00e7i \u00e7\u00f6z\u00fcmler sunan bir reklam ajans\u0131d\u0131r. Deneyimli ekibimiz, video prod\u00fcksiyonu, grafik tasar\u0131m, sosyal medya y\u00f6netimi, i\u00e7erik prod\u00fcksiyonu ve dijital strateji geli\u015ftirme, e-ticaret, web tasar\u0131m\u0131 ve yaz\u0131l\u0131m geli\u015ftirme gibi hizmetlerle markalar\u0131n dijital d\u00fcnyada etkili bir \u015fekilde var olmas\u0131n\u0131 sa\u011flar.<\/p><p>\u00a0<\/p><p>\u00a0Yarat\u0131c\u0131 uzmanlarla \u00e7al\u0131\u015farak, m\u00fc\u015fterilerimiz i\u00e7in en y\u00fcksek kalite standartlar\u0131nda i\u00e7erikler \u00fcretiyoruz. Teknolojiyi yak\u0131ndan takip eden ve dinamik bir yap\u0131ya sahip olan DSS Dijital Medya, her projeye m\u00fc\u015fteri odakl\u0131 bir yakla\u015f\u0131mla, marka kimli\u011fini dijital d\u00fcnyada en iyi \u015fekilde temsil etmeyi hedefliyor.<\/p><p>\u00a0<\/p><p>\u0130\u015f birli\u011fi yapt\u0131\u011f\u0131m\u0131z markalar\u0131n ba\u015far\u0131s\u0131na katk\u0131da bulunmak amac\u0131yla hedef kitleye uygun, yarat\u0131c\u0131 ve stratejik \u00e7\u00f6z\u00fcmler \u00fcretmeye devam ediyoruz.<\/p><p>\u00a0<\/p><p><strong><span style=\"color: #6e53f9;\">Dijital d\u00fcnyada iz b\u0131rakmak isteyenler i\u00e7in buraday\u0131z!<\/span><\/strong><\/p>\t\t\t\t\t\t<\/div>\n\t\t\t\t<\/div>\n\t\t\t\t<div class=\"elementor-element elementor-element-71621fe elementor-widget elementor-widget-heading\" data-id=\"71621fe\" data-element_type=\"widget\" data-widget_type=\"heading.default\">\n\t\t\t\t<div class=\"elementor-widget-container\">\n\t\t\t<h3 class=\"elementor-heading-title elementor-size-default\">Baz\u0131 Yeteneklerimiz<\/h3>\t\t<\/div>\n\t\t\t\t<\/div>\n\t\t\t\t<div class=\"elementor-element elementor-element-c41fa74 elementor-widget elementor-widget-skill_bar\" data-id=\"c41fa74\" data-element_type=\"widget\" data-widget_type=\"skill_bar.default\">\n\t\t\t\t<div class=\"elementor-widget-container\">\n\t\t\t\r\n        \r\n        <div class=\"ms_skill_bar\">\r\n            <h3 class=\"skill-title\">Prod\u00fcksiyon<\/h3>\r\n            <div class=\"skill-bar\" data-bar=\"100\">\r\n                <span><\/span>\r\n            <\/div>\r\n        <\/div>\r\n\r\n        \t\t<\/div>\n\t\t\t\t<\/div>\n\t\t\t\t<div class=\"elementor-element elementor-element-512cd45 elementor-widget elementor-widget-skill_bar\" data-id=\"512cd45\" data-element_type=\"widget\" data-widget_type=\"skill_bar.default\">\n\t\t\t\t<div class=\"elementor-widget-container\">\n\t\t\t\r\n        \r\n        <div class=\"ms_skill_bar\">\r\n            <h3 class=\"skill-title\">Foto\u011fraf\u00e7\u0131l\u0131k<\/h3>\r\n            <div class=\"skill-bar\" data-bar=\"100\">\r\n                <span><\/span>\r\n            <\/div>\r\n        <\/div>\r\n\r\n        \t\t<\/div>\n\t\t\t\t<\/div>\n\t\t\t\t<div class=\"elementor-element elementor-element-ec6252c elementor-widget elementor-widget-skill_bar\" data-id=\"ec6252c\" data-element_type=\"widget\" data-widget_type=\"skill_bar.default\">\n\t\t\t\t<div class=\"elementor-widget-container\">\n\t\t\t\r\n        \r\n        <div class=\"ms_skill_bar\">\r\n            <h3 class=\"skill-title\">Web &amp; Yaz\u0131l\u0131m<\/h3>\r\n            <div class=\"skill-bar\" data-bar=\"100\">\r\n                <span><\/span>\r\n            <\/div>\r\n        <\/div>\r\n\r\n        \t\t<\/div>\n\t\t\t\t<\/div>\n\t\t\t\t<div class=\"elementor-element elementor-element-c06a5b5 elementor-widget elementor-widget-skill_bar\" data-id=\"c06a5b5\" data-element_type=\"widget\" data-widget_type=\"skill_bar.default\">\n\t\t\t\t<div class=\"elementor-widget-container\">\n\t\t\t\r\n        \r\n        <div class=\"ms_skill_bar\">\r\n            <h3 class=\"skill-title\">Grafik Tasar\u0131m<\/h3>\r\n            <div class=\"skill-bar\" data-bar=\"100\">\r\n                <span><\/span>\r\n            <\/div>\r\n        <\/div>\r\n\r\n        \t\t<\/div>\n\t\t\t\t<\/div>\n\t\t\t\t<div class=\"elementor-element elementor-element-7a7b155 elementor-widget elementor-widget-skill_bar\" data-id=\"7a7b155\" data-element_type=\"widget\" data-widget_type=\"skill_bar.default\">\n\t\t\t\t<div class=\"elementor-widget-container\">\n\t\t\t\r\n        \r\n        <div class=\"ms_skill_bar\">\r\n            <h3 class=\"skill-title\">Sosyal Medya &amp; \u0130\u00e7erik Y\u00f6netimi<\/h3>\r\n            <div class=\"skill-bar\" data-bar=\"100\">\r\n                <span><\/span>\r\n            <\/div>\r\n        <\/div>\r\n\r\n        \t\t<\/div>\n\t\t\t\t<\/div>\n\t\t\t\t<div class=\"elementor-element elementor-element-d2981aa elementor-widget elementor-widget-skill_bar\" data-id=\"d2981aa\" data-element_type=\"widget\" data-widget_type=\"skill_bar.default\">\n\t\t\t\t<div class=\"elementor-widget-container\">\n\t\t\t\r\n        \r\n        <div class=\"ms_skill_bar\">\r\n            <h3 class=\"skill-title\">Dijital  Pazarlama<\/h3>\r\n            <div class=\"skill-bar\" data-bar=\"100\">\r\n                <span><\/span>\r\n            <\/div>\r\n        <\/div>\r\n\r\n        \t\t<\/div>\n\t\t\t\t<\/div>\n\t\t\t\t<div class=\"elementor-element elementor-element-92bd958 elementor-widget elementor-widget-skill_bar\" data-id=\"92bd958\" data-element_type=\"widget\" data-widget_type=\"skill_bar.default\">\n\t\t\t\t<div class=\"elementor-widget-container\">\n\t\t\t\r\n        \r\n        <div class=\"ms_skill_bar\">\r\n            <h3 class=\"skill-title\">Medya Sat\u0131n Alma<\/h3>\r\n            <div class=\"skill-bar\" data-bar=\"100\">\r\n                <span><\/span>\r\n            <\/div>\r\n        <\/div>\r\n\r\n        \t\t<\/div>\n\t\t\t\t<\/div>\n\t\t\t\t<div class=\"elementor-element elementor-element-190e80d elementor-widget elementor-widget-heading\" data-id=\"190e80d\" data-element_type=\"widget\" data-widget_type=\"heading.default\">\n\t\t\t\t<div class=\"elementor-widget-container\">\n\t\t\t<h3 class=\"elementor-heading-title elementor-size-default\">Y\u00f6netim Ekibi<\/h3>\t\t<\/div>\n\t\t\t\t<\/div>\n\t\t\t\t<div class=\"elementor-element elementor-element-1fb931a elementor-widget elementor-widget-text-editor\" data-id=\"1fb931a\" data-element_type=\"widget\" data-widget_type=\"text-editor.default\">\n\t\t\t\t<div class=\"elementor-widget-container\">\n\t\t\t\t\t\t\t<p>&#8211; Mustafa Se\u00e7er<br \/>&#8211; Berkay Demir<\/p>\t\t\t\t\t\t<\/div>\n\t\t\t\t<\/div>\n\t\t\t\t<div class=\"elementor-element elementor-element-78276d9 elementor-widget elementor-widget-heading\" data-id=\"78276d9\" data-element_type=\"widget\" data-widget_type=\"heading.default\">\n\t\t\t\t<div class=\"elementor-widget-container\">\n\t\t\t<h3 class=\"elementor-heading-title elementor-size-default\">Yarat\u0131c\u0131 Ekip<\/h3>\t\t<\/div>\n\t\t\t\t<\/div>\n\t\t\t\t<div class=\"elementor-element elementor-element-f2ebb06 elementor-widget elementor-widget-text-editor\" data-id=\"f2ebb06\" data-element_type=\"widget\" data-widget_type=\"text-editor.default\">\n\t\t\t\t<div class=\"elementor-widget-container\">\n\t\t\t\t\t\t\t<p>&#8211; Aytolon Yapar<br \/>&#8211; Cansu Sevin\u00e7<br \/>&#8211; Serhad \u00dcz\u00fcm<br \/>&#8211; Burcu Avc\u0131<br \/>&#8211; Onur Er\u00f6z<\/p>\t\t\t\t\t\t<\/div>\n\t\t\t\t<\/div>\n\t\t\t\t\t<\/div>\n\t\t<\/div>\n\t\t\t\t<div class=\"elementor-column elementor-col-50 elementor-inner-column elementor-element elementor-element-86e0a38 has-sticky-column\" data-id=\"86e0a38\" data-element_type=\"column\" data-settings=\"{&quot;background_background&quot;:&quot;classic&quot;}\">\n\t\t\t<div class=\"elementor-widget-wrap elementor-element-populated\">\n\t\t\t\t<div class=\"elementor-element elementor-element-375c787 e-flex e-con-boxed e-con e-parent\" data-id=\"375c787\" data-element_type=\"container\" data-settings=\"{&quot;background_background&quot;:&quot;video&quot;,&quot;background_video_link&quot;:&quot;https:\\\/\\\/dssmediaproduction.com\\\/wp-content\\\/uploads\\\/2024\\\/09\\\/0928-1.mp4&quot;,&quot;background_play_on_mobile&quot;:&quot;yes&quot;}\">\n\t\t\t\t\t<div class=\"e-con-inner\">\n\t\t<div class=\"elementor-background-video-container\">\n\t\t\t\t\t\t\t<video class=\"elementor-background-video-hosted elementor-html5-video\" autoplay muted playsinline loop><\/video>\n\t\t\t\t\t<\/div>\t\t\t<\/div>\n\t\t\t\t<\/div>\n\t\t\t\t\t<\/div>\n\t\t<\/div>\n\t\t\t\t\t<\/div>\n\t\t<\/section>\n\t\t\t\t\t<\/div>\n\t\t<\/div>\n\t\t\t\t\t<\/div>\n\t\t<\/section>\n\t\t\t\t<\/div>","protected":false},"excerpt":{"rendered":"<p>Smile! You&#8217;re on camera. DSS Digital Media is an advertising agency that brings together experts in digital media production and advertising and offers unique [&hellip;]<\/p>","protected":false},"author":1,"featured_media":0,"parent":0,"menu_order":0,"comment_status":"closed","ping_status":"closed","template":"page-custom.php","meta":{"_acf_changed":false,"footnotes":""},"class_list":["post-920","page","type-page","status-publish","hentry"],"acf":{"full_width":true,"header_transparent":false},"yoast_head":"<!-- This site is optimized with the Yoast SEO plugin v25.2 - https:\/\/yoast.com\/wordpress\/plugins\/seo\/ -->\n<title>About Us - DSS Digital Media<\/title>\n<meta name=\"robots\" content=\"index, follow, max-snippet:-1, max-image-preview:large, max-video-preview:-1\" \/>\n<link rel=\"canonical\" href=\"https:\/\/dssmediaproduction.com\/tr\/about-us\/\" \/>\n<meta property=\"og:locale\" content=\"tr_TR\" \/>\n<meta property=\"og:type\" content=\"article\" \/>\n<meta property=\"og:title\" content=\"About Us - DSS Digital Media\" \/>\n<meta property=\"og:description\" content=\"Smile! You&#8217;re on camera. DSS Digital Media is an advertising agency that brings together experts in digital media production and advertising and offers unique [&hellip;]\" \/>\n<meta property=\"og:url\" content=\"https:\/\/dssmediaproduction.com\/tr\/about-us\/\" \/>\n<meta property=\"og:site_name\" content=\"DSS Digital Media\" \/>\n<meta property=\"article:modified_time\" content=\"2024-12-14T17:20:56+00:00\" \/>\n<meta name=\"twitter:card\" content=\"summary_large_image\" \/>\n<meta name=\"twitter:label1\" content=\"Tahmini okuma s\u00fcresi\" \/>\n\t<meta name=\"twitter:data1\" content=\"2 dakika\" \/>\n<script type=\"application\/ld+json\" class=\"yoast-schema-graph\">{\"@context\":\"https:\/\/schema.org\",\"@graph\":[{\"@type\":\"WebPage\",\"@id\":\"https:\/\/dssmediaproduction.com\/about-us\/\",\"url\":\"https:\/\/dssmediaproduction.com\/about-us\/\",\"name\":\"About Us - DSS Digital Media\",\"isPartOf\":{\"@id\":\"https:\/\/dssmediaproduction.com\/#website\"},\"datePublished\":\"2022-06-03T17:17:32+00:00\",\"dateModified\":\"2024-12-14T17:20:56+00:00\",\"breadcrumb\":{\"@id\":\"https:\/\/dssmediaproduction.com\/about-us\/#breadcrumb\"},\"inLanguage\":\"tr\",\"potentialAction\":[{\"@type\":\"ReadAction\",\"target\":[\"https:\/\/dssmediaproduction.com\/about-us\/\"]}]},{\"@type\":\"BreadcrumbList\",\"@id\":\"https:\/\/dssmediaproduction.com\/about-us\/#breadcrumb\",\"itemListElement\":[{\"@type\":\"ListItem\",\"position\":1,\"name\":\"Anasayfa\",\"item\":\"https:\/\/dssmediaproduction.com\/\"},{\"@type\":\"ListItem\",\"position\":2,\"name\":\"About Us\"}]},{\"@type\":\"WebSite\",\"@id\":\"https:\/\/dssmediaproduction.com\/#website\",\"url\":\"https:\/\/dssmediaproduction.com\/\",\"name\":\"DSS Digital Media\",\"description\":\"\",\"publisher\":{\"@id\":\"https:\/\/dssmediaproduction.com\/#organization\"},\"potentialAction\":[{\"@type\":\"SearchAction\",\"target\":{\"@type\":\"EntryPoint\",\"urlTemplate\":\"https:\/\/dssmediaproduction.com\/?s={search_term_string}\"},\"query-input\":{\"@type\":\"PropertyValueSpecification\",\"valueRequired\":true,\"valueName\":\"search_term_string\"}}],\"inLanguage\":\"tr\"},{\"@type\":\"Organization\",\"@id\":\"https:\/\/dssmediaproduction.com\/#organization\",\"name\":\"DSS Digital Media\",\"url\":\"https:\/\/dssmediaproduction.com\/\",\"logo\":{\"@type\":\"ImageObject\",\"inLanguage\":\"tr\",\"@id\":\"https:\/\/dssmediaproduction.com\/#\/schema\/logo\/image\/\",\"url\":\"https:\/\/dssmediaproduction.com\/wp-content\/uploads\/2022\/05\/anthony-lim-plmqgH3BZiA-unsplash.jpg\",\"contentUrl\":\"https:\/\/dssmediaproduction.com\/wp-content\/uploads\/2022\/05\/anthony-lim-plmqgH3BZiA-unsplash.jpg\",\"width\":1240,\"height\":827,\"caption\":\"DSS Digital Media\"},\"image\":{\"@id\":\"https:\/\/dssmediaproduction.com\/#\/schema\/logo\/image\/\"},\"sameAs\":[\"https:\/\/www.instagram.com\/dssdigitalmedia\"]}]}<\/script>\n<!-- \/ Yoast SEO plugin. -->","yoast_head_json":{"title":"About Us - DSS Digital Media","robots":{"index":"index","follow":"follow","max-snippet":"max-snippet:-1","max-image-preview":"max-image-preview:large","max-video-preview":"max-video-preview:-1"},"canonical":"https:\/\/dssmediaproduction.com\/tr\/about-us\/","og_locale":"tr_TR","og_type":"article","og_title":"About Us - DSS Digital Media","og_description":"Smile! You&#8217;re on camera. DSS Digital Media is an advertising agency that brings together experts in digital media production and advertising and offers unique [&hellip;]","og_url":"https:\/\/dssmediaproduction.com\/tr\/about-us\/","og_site_name":"DSS Digital Media","article_modified_time":"2024-12-14T17:20:56+00:00","twitter_card":"summary_large_image","twitter_misc":{"Tahmini okuma s\u00fcresi":"2 dakika"},"schema":{"@context":"https:\/\/schema.org","@graph":[{"@type":"WebPage","@id":"https:\/\/dssmediaproduction.com\/about-us\/","url":"https:\/\/dssmediaproduction.com\/about-us\/","name":"About Us - DSS Digital Media","isPartOf":{"@id":"https:\/\/dssmediaproduction.com\/#website"},"datePublished":"2022-06-03T17:17:32+00:00","dateModified":"2024-12-14T17:20:56+00:00","breadcrumb":{"@id":"https:\/\/dssmediaproduction.com\/about-us\/#breadcrumb"},"inLanguage":"tr","potentialAction":[{"@type":"ReadAction","target":["https:\/\/dssmediaproduction.com\/about-us\/"]}]},{"@type":"BreadcrumbList","@id":"https:\/\/dssmediaproduction.com\/about-us\/#breadcrumb","itemListElement":[{"@type":"ListItem","position":1,"name":"Anasayfa","item":"https:\/\/dssmediaproduction.com\/"},{"@type":"ListItem","position":2,"name":"About Us"}]},{"@type":"WebSite","@id":"https:\/\/dssmediaproduction.com\/#website","url":"https:\/\/dssmediaproduction.com\/","name":"DSS Digital Media","description":"","publisher":{"@id":"https:\/\/dssmediaproduction.com\/#organization"},"potentialAction":[{"@type":"SearchAction","target":{"@type":"EntryPoint","urlTemplate":"https:\/\/dssmediaproduction.com\/?s={search_term_string}"},"query-input":{"@type":"PropertyValueSpecification","valueRequired":true,"valueName":"search_term_string"}}],"inLanguage":"tr"},{"@type":"Organization","@id":"https:\/\/dssmediaproduction.com\/#organization","name":"DSS Digital Media","url":"https:\/\/dssmediaproduction.com\/","logo":{"@type":"ImageObject","inLanguage":"tr","@id":"https:\/\/dssmediaproduction.com\/#\/schema\/logo\/image\/","url":"https:\/\/dssmediaproduction.com\/wp-content\/uploads\/2022\/05\/anthony-lim-plmqgH3BZiA-unsplash.jpg","contentUrl":"https:\/\/dssmediaproduction.com\/wp-content\/uploads\/2022\/05\/anthony-lim-plmqgH3BZiA-unsplash.jpg","width":1240,"height":827,"caption":"DSS Digital Media"},"image":{"@id":"https:\/\/dssmediaproduction.com\/#\/schema\/logo\/image\/"},"sameAs":["https:\/\/www.instagram.com\/dssdigitalmedia"]}]}},"_links":{"self":[{"href":"https:\/\/dssmediaproduction.com\/tr\/wp-json\/wp\/v2\/pages\/920","targetHints":{"allow":["GET"]}}],"collection":[{"href":"https:\/\/dssmediaproduction.com\/tr\/wp-json\/wp\/v2\/pages"}],"about":[{"href":"https:\/\/dssmediaproduction.com\/tr\/wp-json\/wp\/v2\/types\/page"}],"author":[{"embeddable":true,"href":"https:\/\/dssmediaproduction.com\/tr\/wp-json\/wp\/v2\/users\/1"}],"replies":[{"embeddable":true,"href":"https:\/\/dssmediaproduction.com\/tr\/wp-json\/wp\/v2\/comments?post=920"}],"version-history":[{"count":37,"href":"https:\/\/dssmediaproduction.com\/tr\/wp-json\/wp\/v2\/pages\/920\/revisions"}],"predecessor-version":[{"id":3243,"href":"https:\/\/dssmediaproduction.com\/tr\/wp-json\/wp\/v2\/pages\/920\/revisions\/3243"}],"wp:attachment":[{"href":"https:\/\/dssmediaproduction.com\/tr\/wp-json\/wp\/v2\/media?parent=920"}],"curies":[{"name":"wp","href":"https:\/\/api.w.org\/{rel}","templated":true}]}}