{"id":3148,"date":"2024-12-11T20:58:36","date_gmt":"2024-12-11T17:58:36","guid":{"rendered":"https:\/\/dssmediaproduction.com\/?page_id=3148"},"modified":"2024-12-12T11:53:26","modified_gmt":"2024-12-12T08:53:26","slug":"creative","status":"publish","type":"page","link":"https:\/\/dssmediaproduction.com\/tr\/creative\/","title":{"rendered":"Tasar\u0131m"},"content":{"rendered":"<div data-elementor-type=\"wp-page\" data-elementor-id=\"3148\" class=\"elementor elementor-3148\" data-elementor-post-type=\"page\">\n\t\t\t\t\t\t<section class=\"elementor-section elementor-top-section elementor-element elementor-element-dcbcf7a elementor-section-height-min-height elementor-section-boxed elementor-section-height-default elementor-section-items-middle\" data-id=\"dcbcf7a\" data-element_type=\"section\">\n\t\t\t\t\t\t<div class=\"elementor-container elementor-column-gap-extended\">\n\t\t\t\t\t<div class=\"elementor-column elementor-col-100 elementor-top-column elementor-element elementor-element-ec870ea\" data-id=\"ec870ea\" data-element_type=\"column\">\n\t\t\t<div class=\"elementor-widget-wrap elementor-element-populated\">\n\t\t\t\t\t\t<div class=\"elementor-element elementor-element-28f2433 elementor-widget elementor-widget-html\" data-id=\"28f2433\" data-element_type=\"widget\" data-widget_type=\"html.default\">\n\t\t\t\t<div class=\"elementor-widget-container\">\n\t\t\t<div class=\"n-sticky\"><div class=\"vc_column-inner\">\n\t\t\t<div class=\"wpb_wrapper\">\n\t\t\t\t<div class=\"nectar-highlighted-text font_size_17px\" data-style=\"regular_underline\" data-exp=\"default\" data-underline-thickness=\"1px\" data-using-custom-color=\"true\" data-animation-delay=\"150\" data-color=\"#000000\" data-color-gradient=\"\" style=\"\"><h6 class=\"bm_h6_subtitle\"><span class=\"ez-toc-section\" id=\"professional_Web_Design_services\"><\/span><em class=\"animated\">Profesyonel Tasar\u0131m \u00c7\u00f6z\u00fcmleri<\/em> <span style=\"color: #ffd74b;font-size: 45px\"><\/span><span class=\"ez-toc-section-end\"><\/span><\/h6>\n<\/div><div class=\"nectar-highlighted-text\" data-style=\"full_text\" data-exp=\"default\" data-using-custom-color=\"true\" data-animation-delay=\"false\" data-color=\"#ffd74b\" data-color-gradient=\"\" style=\"\"><h2><span class=\"ez-toc-section\" id=\"Web_Design_Company_UK\"><\/span>Tasar\u0131m <span style=\"color: #ffd74b\">Ajans\u0131<\/span>.<span class=\"ez-toc-section-end\"><\/span><\/h2>\n<\/div>\n<div class=\"wpb_text_column wpb_content_element  bm_intro_p\" style=\" max-width: 850px; display: inline-block;\">\n\t<div class=\"wpb_wrapper\">\n\t\t<p>Modern, h\u0131zl\u0131 tempolu i\u015f d\u00fcnyas\u0131nda, ba\u015far\u0131n\u0131n temel ta\u015f\u0131 genellikle yarat\u0131c\u0131 ifade ve benzersiz farkl\u0131la\u015fma \u00fczerine kuruludur. T\u00fcrkiye merkezli \u00f6nde gelen bir Yarat\u0131c\u0131 Ajans olan DSS'de, markalar\u0131 g\u00fc\u00e7lendiren ve rakiplerinin \u00fczerine \u00e7\u0131kmalar\u0131n\u0131 sa\u011flayan yarat\u0131c\u0131l\u0131\u011f\u0131 geli\u015ftiriyor ve kullan\u0131yoruz. Yarat\u0131c\u0131l\u0131\u011f\u0131n \u00e7ok daha fazlas\u0131 oldu\u011funu anl\u0131yor ve benzersiz marka kimliklikleri olu\u015fturuyoruz. Deneyimli profesyonellerden olu\u015fan ekibimiz, i\u015f hedeflerinizi yarat\u0131c\u0131 stratejilere d\u00f6n\u00fc\u015ft\u00fcrmede yeteneklidir ve bu da etkili, ilgi \u00e7ekici kampanyalarla sonu\u00e7lan\u0131r.\n\n<\/p>\n\t<\/div>\n<\/div>\t\t<\/div>\n\t\t\t\t<\/div>\n\t\t\t\t\t<\/div>\n\t\t<\/div>\n\t\t\t\t\t<\/div>\n\t\t<\/section>\n\t\t<div class=\"elementor-element elementor-element-6d0fadd e-con-full e-flex e-con e-parent\" data-id=\"6d0fadd\" data-element_type=\"container\">\n\t\t<div class=\"elementor-element elementor-element-9d6564e e-flex e-con-boxed e-con e-child\" data-id=\"9d6564e\" data-element_type=\"container\">\n\t\t\t\t\t<div class=\"e-con-inner\">\n\t\t<div class=\"elementor-element elementor-element-981b32d e-con-full e-flex elementor-invisible e-con e-child\" data-id=\"981b32d\" data-element_type=\"container\" data-settings=\"{&quot;background_background&quot;:&quot;classic&quot;,&quot;animation&quot;:&quot;fadeInUp&quot;}\">\n\t\t\t\t<div class=\"elementor-element elementor-element-f89873f elementor-widget elementor-widget-qi_addons_for_elementor_icon_with_text\" data-id=\"f89873f\" data-element_type=\"widget\" data-widget_type=\"qi_addons_for_elementor_icon_with_text.default\">\n\t\t\t\t<div class=\"elementor-widget-container\">\n\t\t\t<div class=\"qodef-shortcode qodef-m qodef-qi-icon-with-text qodef-layout--top qodef--icon-pack qodef-alignment--left\" >\n\t\t\t<div class=\"qodef-m-icon-wrapper\">\n\t\t\t\t<a itemprop=\"url\" href=\"#\" target=\"_self\">\n\t<div class=\"qodef-m-icon-holder\">\n\t\t<i aria-hidden=\"true\" class=\"icon icon-brands\"><\/i>\t<\/div>\n\t<\/a>\n\t\t<\/div>\n\t\t<div class=\"qodef-m-content\">\n\t\t\t\t\t<h4 class=\"qodef-m-title\">\n\t\t\t\t\t<a itemprop=\"url\" href=\"#\" target=\"_self\">\n\t\t\t\t\t<span class=\"qodef-m-title-text\">Markala\u015fma<\/span>\n\t\t\t\t\t<\/a>\n\t\t\t<\/h4>\n\t\t\t<div class=\"qodef-m-text\"><p>\u2705 Farkl\u0131 Kimlik: Do\u011fru markalama, i\u015fletmenizi rakiplerinizden ay\u0131ran, pazardaki tan\u0131n\u0131rl\u0131\u011f\u0131n\u0131z\u0131 art\u0131ran benzersiz ve ak\u0131lda kal\u0131c\u0131 bir kimlik yarat\u0131r.<br \/><br \/>\u2705 Tutarl\u0131 Mesajla\u015fma: Etkili markala\u015fma, t\u00fcm kanallarda tutarl\u0131 mesajla\u015fmay\u0131 garanti eder, markan\u0131z\u0131n felsefesini ve de\u011ferlerini hedef kitlenize iletir.<br \/><br \/>\u2705 Artan G\u00fcven: \u0130yi yerle\u015fmi\u015f bir marka, t\u00fcketiciler taraf\u0131ndan daha g\u00fcvenilir ve itibarl\u0131 olarak alg\u0131lan\u0131r ve bu da \u00e7o\u011fu zaman m\u00fc\u015fteri sadakatinin ve i\u015fletme b\u00fcy\u00fcmesinin artmas\u0131na yol a\u00e7ar.<\/p><\/div>\n\t\t\t<\/div>\n<\/div>\n\t\t<\/div>\n\t\t\t\t<\/div>\n\t\t\t\t<\/div>\n\t\t<div class=\"elementor-element elementor-element-bafffd4 e-con-full e-flex elementor-invisible e-con e-child\" data-id=\"bafffd4\" data-element_type=\"container\" data-settings=\"{&quot;background_background&quot;:&quot;classic&quot;,&quot;animation&quot;:&quot;fadeInUp&quot;}\">\n\t\t\t\t<div class=\"elementor-element elementor-element-f4a1660 elementor-widget elementor-widget-qi_addons_for_elementor_icon_with_text\" data-id=\"f4a1660\" data-element_type=\"widget\" data-widget_type=\"qi_addons_for_elementor_icon_with_text.default\">\n\t\t\t\t<div class=\"elementor-widget-container\">\n\t\t\t<div class=\"qodef-shortcode qodef-m qodef-qi-icon-with-text qodef-layout--top qodef--icon-pack qodef-alignment--left\" >\n\t\t\t<div class=\"qodef-m-icon-wrapper\">\n\t\t\t\t<a itemprop=\"url\" href=\"#\" target=\"_self\">\n\t<div class=\"qodef-m-icon-holder\">\n\t\t<i aria-hidden=\"true\" class=\"icon icon-design\"><\/i>\t<\/div>\n\t<\/a>\n\t\t<\/div>\n\t\t<div class=\"qodef-m-content\">\n\t\t\t\t\t<h4 class=\"qodef-m-title\">\n\t\t\t\t\t<a itemprop=\"url\" href=\"#\" target=\"_self\">\n\t\t\t\t\t<span class=\"qodef-m-title-text\">Grafik Tasar\u0131m<\/span>\n\t\t\t\t\t<\/a>\n\t\t\t<\/h4>\n\t\t\t<div class=\"qodef-m-text\"><p>\u2705 G\u00f6rsel \u0130leti\u015fim: Tipografi ve g\u00f6rsel \u00f6\u011feler gibi g\u00f6rsel \u00f6\u011feler arac\u0131l\u0131\u011f\u0131yla mesajlar\u0131 iletmek, marka kimli\u011fini \u015fekillendirmek.<br \/><br \/>\u2705 Ara\u00e7lar ve Teknikler: Logolardan pazarlama materyallerine kadar profesyonel g\u00f6rseller olu\u015fturmak i\u00e7in geli\u015fmi\u015f tasar\u0131m yaz\u0131l\u0131mlar\u0131n\u0131 kullanma.<br \/><br \/>\u2705 Stratejik Uyum: Pazarlama \u00e7abalar\u0131n\u0131 geli\u015ftirmek ve marka bilinirli\u011fini olu\u015fturmak i\u00e7in tasar\u0131m\u0131 marka hedefleriyle uyumlu hale getirmek.<\/p><\/div>\n\t\t\t<\/div>\n<\/div>\n\t\t<\/div>\n\t\t\t\t<\/div>\n\t\t\t\t<\/div>\n\t\t<div class=\"elementor-element elementor-element-282a585 e-con-full e-flex elementor-invisible e-con e-child\" data-id=\"282a585\" data-element_type=\"container\" data-settings=\"{&quot;background_background&quot;:&quot;classic&quot;,&quot;animation&quot;:&quot;fadeInUp&quot;}\">\n\t\t\t\t<div class=\"elementor-element elementor-element-761eb86 elementor-widget elementor-widget-qi_addons_for_elementor_icon_with_text\" data-id=\"761eb86\" data-element_type=\"widget\" data-widget_type=\"qi_addons_for_elementor_icon_with_text.default\">\n\t\t\t\t<div class=\"elementor-widget-container\">\n\t\t\t<div class=\"qodef-shortcode qodef-m qodef-qi-icon-with-text qodef-layout--top qodef--icon-pack qodef-alignment--left\" >\n\t\t\t<div class=\"qodef-m-icon-wrapper\">\n\t\t\t\t<a itemprop=\"url\" href=\"#\" target=\"_self\">\n\t<div class=\"qodef-m-icon-holder\">\n\t\t<i aria-hidden=\"true\" class=\"icon icon-book\"><\/i>\t<\/div>\n\t<\/a>\n\t\t<\/div>\n\t\t<div class=\"qodef-m-content\">\n\t\t\t\t\t<h4 class=\"qodef-m-title\">\n\t\t\t\t\t<a itemprop=\"url\" href=\"#\" target=\"_self\">\n\t\t\t\t\t<span class=\"qodef-m-title-text\">Promosyon \u00dcr\u00fcnleri<\/span>\n\t\t\t\t\t<\/a>\n\t\t\t<\/h4>\n\t\t\t<div class=\"qodef-m-text\"><p>\u2705 Artan Fark\u0131ndal\u0131k: Y\u00fcksek kaliteli promosyon materyalleri, hedef kitleniz aras\u0131nda marka bilinirli\u011fini ve hat\u0131rlanabilirli\u011fini etkili bir \u015fekilde art\u0131rabilir.<br \/><br \/>\u2705 Somut Ba\u011flant\u0131: Fiziksel promosyon \u00fcr\u00fcnleri markan\u0131zla somut bir ba\u011flant\u0131 kurarak m\u00fc\u015fteri sadakatini art\u0131rabilir.<br \/><br \/>\u2705 Maliyet Etkin Reklamc\u0131l\u0131k: Promosyon materyalleri, al\u0131c\u0131lar taraf\u0131ndan s\u0131kl\u0131kla saklan\u0131p kullan\u0131ld\u0131\u011f\u0131ndan, onlara markan\u0131z\u0131 s\u00fcrekli hat\u0131rlatarak maliyet etkin, uzun vadeli reklamc\u0131l\u0131k sa\u011flar.<\/p><\/div>\n\t\t\t<\/div>\n<\/div>\n\t\t<\/div>\n\t\t\t\t<\/div>\n\t\t\t\t<\/div>\n\t\t\t\t\t<\/div>\n\t\t\t\t<\/div>\n\t\t\t\t<\/div>\n\t\t\t\t<\/div>","protected":false},"excerpt":{"rendered":"<p>Professional Creative Solutions Creative Company. In the modern, fast-paced world of business, the cornerstone of success often rests upon creative expression and unique differentiation. [&hellip;]<\/p>","protected":false},"author":1,"featured_media":0,"parent":0,"menu_order":0,"comment_status":"closed","ping_status":"closed","template":"page-custom.php","meta":{"_acf_changed":false,"footnotes":""},"class_list":["post-3148","page","type-page","status-publish","hentry"],"acf":{"full_width":false,"header_transparent":false},"yoast_head":"<!-- This site is optimized with the Yoast SEO plugin v25.2 - https:\/\/yoast.com\/wordpress\/plugins\/seo\/ -->\n<title>Creative - DSS Digital Media<\/title>\n<meta name=\"robots\" content=\"index, follow, max-snippet:-1, max-image-preview:large, max-video-preview:-1\" \/>\n<link rel=\"canonical\" href=\"https:\/\/dssmediaproduction.com\/tr\/creative\/\" \/>\n<meta property=\"og:locale\" content=\"tr_TR\" \/>\n<meta property=\"og:type\" content=\"article\" \/>\n<meta property=\"og:title\" content=\"Creative - DSS Digital Media\" \/>\n<meta property=\"og:description\" content=\"Professional Creative Solutions Creative Company. In the modern, fast-paced world of business, the cornerstone of success often rests upon creative expression and unique differentiation. [&hellip;]\" \/>\n<meta property=\"og:url\" content=\"https:\/\/dssmediaproduction.com\/tr\/creative\/\" \/>\n<meta property=\"og:site_name\" content=\"DSS Digital Media\" \/>\n<meta property=\"article:modified_time\" content=\"2024-12-12T08:53:26+00:00\" \/>\n<meta name=\"twitter:card\" content=\"summary_large_image\" \/>\n<meta name=\"twitter:label1\" content=\"Tahmini okuma s\u00fcresi\" \/>\n\t<meta name=\"twitter:data1\" content=\"4 dakika\" \/>\n<script type=\"application\/ld+json\" class=\"yoast-schema-graph\">{\"@context\":\"https:\/\/schema.org\",\"@graph\":[{\"@type\":\"WebPage\",\"@id\":\"https:\/\/dssmediaproduction.com\/creative\/\",\"url\":\"https:\/\/dssmediaproduction.com\/creative\/\",\"name\":\"Creative - DSS Digital Media\",\"isPartOf\":{\"@id\":\"https:\/\/dssmediaproduction.com\/#website\"},\"datePublished\":\"2024-12-11T17:58:36+00:00\",\"dateModified\":\"2024-12-12T08:53:26+00:00\",\"breadcrumb\":{\"@id\":\"https:\/\/dssmediaproduction.com\/creative\/#breadcrumb\"},\"inLanguage\":\"tr\",\"potentialAction\":[{\"@type\":\"ReadAction\",\"target\":[\"https:\/\/dssmediaproduction.com\/creative\/\"]}]},{\"@type\":\"BreadcrumbList\",\"@id\":\"https:\/\/dssmediaproduction.com\/creative\/#breadcrumb\",\"itemListElement\":[{\"@type\":\"ListItem\",\"position\":1,\"name\":\"Anasayfa\",\"item\":\"https:\/\/dssmediaproduction.com\/\"},{\"@type\":\"ListItem\",\"position\":2,\"name\":\"Creative\"}]},{\"@type\":\"WebSite\",\"@id\":\"https:\/\/dssmediaproduction.com\/#website\",\"url\":\"https:\/\/dssmediaproduction.com\/\",\"name\":\"DSS Digital Media\",\"description\":\"\",\"publisher\":{\"@id\":\"https:\/\/dssmediaproduction.com\/#organization\"},\"potentialAction\":[{\"@type\":\"SearchAction\",\"target\":{\"@type\":\"EntryPoint\",\"urlTemplate\":\"https:\/\/dssmediaproduction.com\/?s={search_term_string}\"},\"query-input\":{\"@type\":\"PropertyValueSpecification\",\"valueRequired\":true,\"valueName\":\"search_term_string\"}}],\"inLanguage\":\"tr\"},{\"@type\":\"Organization\",\"@id\":\"https:\/\/dssmediaproduction.com\/#organization\",\"name\":\"DSS Digital Media\",\"url\":\"https:\/\/dssmediaproduction.com\/\",\"logo\":{\"@type\":\"ImageObject\",\"inLanguage\":\"tr\",\"@id\":\"https:\/\/dssmediaproduction.com\/#\/schema\/logo\/image\/\",\"url\":\"https:\/\/dssmediaproduction.com\/wp-content\/uploads\/2022\/05\/anthony-lim-plmqgH3BZiA-unsplash.jpg\",\"contentUrl\":\"https:\/\/dssmediaproduction.com\/wp-content\/uploads\/2022\/05\/anthony-lim-plmqgH3BZiA-unsplash.jpg\",\"width\":1240,\"height\":827,\"caption\":\"DSS Digital Media\"},\"image\":{\"@id\":\"https:\/\/dssmediaproduction.com\/#\/schema\/logo\/image\/\"},\"sameAs\":[\"https:\/\/www.instagram.com\/dssdigitalmedia\"]}]}<\/script>\n<!-- \/ Yoast SEO plugin. -->","yoast_head_json":{"title":"Creative - DSS Digital Media","robots":{"index":"index","follow":"follow","max-snippet":"max-snippet:-1","max-image-preview":"max-image-preview:large","max-video-preview":"max-video-preview:-1"},"canonical":"https:\/\/dssmediaproduction.com\/tr\/creative\/","og_locale":"tr_TR","og_type":"article","og_title":"Creative - DSS Digital Media","og_description":"Professional Creative Solutions Creative Company. In the modern, fast-paced world of business, the cornerstone of success often rests upon creative expression and unique differentiation. [&hellip;]","og_url":"https:\/\/dssmediaproduction.com\/tr\/creative\/","og_site_name":"DSS Digital Media","article_modified_time":"2024-12-12T08:53:26+00:00","twitter_card":"summary_large_image","twitter_misc":{"Tahmini okuma s\u00fcresi":"4 dakika"},"schema":{"@context":"https:\/\/schema.org","@graph":[{"@type":"WebPage","@id":"https:\/\/dssmediaproduction.com\/creative\/","url":"https:\/\/dssmediaproduction.com\/creative\/","name":"Creative - DSS Digital Media","isPartOf":{"@id":"https:\/\/dssmediaproduction.com\/#website"},"datePublished":"2024-12-11T17:58:36+00:00","dateModified":"2024-12-12T08:53:26+00:00","breadcrumb":{"@id":"https:\/\/dssmediaproduction.com\/creative\/#breadcrumb"},"inLanguage":"tr","potentialAction":[{"@type":"ReadAction","target":["https:\/\/dssmediaproduction.com\/creative\/"]}]},{"@type":"BreadcrumbList","@id":"https:\/\/dssmediaproduction.com\/creative\/#breadcrumb","itemListElement":[{"@type":"ListItem","position":1,"name":"Anasayfa","item":"https:\/\/dssmediaproduction.com\/"},{"@type":"ListItem","position":2,"name":"Creative"}]},{"@type":"WebSite","@id":"https:\/\/dssmediaproduction.com\/#website","url":"https:\/\/dssmediaproduction.com\/","name":"DSS Digital Media","description":"","publisher":{"@id":"https:\/\/dssmediaproduction.com\/#organization"},"potentialAction":[{"@type":"SearchAction","target":{"@type":"EntryPoint","urlTemplate":"https:\/\/dssmediaproduction.com\/?s={search_term_string}"},"query-input":{"@type":"PropertyValueSpecification","valueRequired":true,"valueName":"search_term_string"}}],"inLanguage":"tr"},{"@type":"Organization","@id":"https:\/\/dssmediaproduction.com\/#organization","name":"DSS Digital Media","url":"https:\/\/dssmediaproduction.com\/","logo":{"@type":"ImageObject","inLanguage":"tr","@id":"https:\/\/dssmediaproduction.com\/#\/schema\/logo\/image\/","url":"https:\/\/dssmediaproduction.com\/wp-content\/uploads\/2022\/05\/anthony-lim-plmqgH3BZiA-unsplash.jpg","contentUrl":"https:\/\/dssmediaproduction.com\/wp-content\/uploads\/2022\/05\/anthony-lim-plmqgH3BZiA-unsplash.jpg","width":1240,"height":827,"caption":"DSS Digital Media"},"image":{"@id":"https:\/\/dssmediaproduction.com\/#\/schema\/logo\/image\/"},"sameAs":["https:\/\/www.instagram.com\/dssdigitalmedia"]}]}},"_links":{"self":[{"href":"https:\/\/dssmediaproduction.com\/tr\/wp-json\/wp\/v2\/pages\/3148","targetHints":{"allow":["GET"]}}],"collection":[{"href":"https:\/\/dssmediaproduction.com\/tr\/wp-json\/wp\/v2\/pages"}],"about":[{"href":"https:\/\/dssmediaproduction.com\/tr\/wp-json\/wp\/v2\/types\/page"}],"author":[{"embeddable":true,"href":"https:\/\/dssmediaproduction.com\/tr\/wp-json\/wp\/v2\/users\/1"}],"replies":[{"embeddable":true,"href":"https:\/\/dssmediaproduction.com\/tr\/wp-json\/wp\/v2\/comments?post=3148"}],"version-history":[{"count":7,"href":"https:\/\/dssmediaproduction.com\/tr\/wp-json\/wp\/v2\/pages\/3148\/revisions"}],"predecessor-version":[{"id":3237,"href":"https:\/\/dssmediaproduction.com\/tr\/wp-json\/wp\/v2\/pages\/3148\/revisions\/3237"}],"wp:attachment":[{"href":"https:\/\/dssmediaproduction.com\/tr\/wp-json\/wp\/v2\/media?parent=3148"}],"curies":[{"name":"wp","href":"https:\/\/api.w.org\/{rel}","templated":true}]}}