{"id":244,"date":"2022-05-24T08:14:53","date_gmt":"2022-05-24T08:14:53","guid":{"rendered":"https:\/\/theme.madsparrow.me\/nicex\/?page_id=244"},"modified":"2025-07-01T21:13:06","modified_gmt":"2025-07-01T18:13:06","slug":"contact-us","status":"publish","type":"page","link":"https:\/\/dssmediaproduction.com\/tr\/contact-us\/","title":{"rendered":"Bize Ula\u015f\u0131n"},"content":{"rendered":"<div data-elementor-type=\"wp-page\" data-elementor-id=\"244\" class=\"elementor elementor-244\" data-elementor-post-type=\"page\">\n\t\t\t\t<div class=\"elementor-element elementor-element-bd809b6 e-flex e-con-boxed e-con e-parent\" data-id=\"bd809b6\" data-element_type=\"container\">\n\t\t\t\t\t<div class=\"e-con-inner\">\n\t\t<div class=\"elementor-element elementor-element-887bf34 e-con-full e-flex e-con e-child\" data-id=\"887bf34\" data-element_type=\"container\" data-settings=\"{&quot;background_background&quot;:&quot;gradient&quot;}\">\n\t\t\t\t<div class=\"elementor-element elementor-element-9102f61 elementor-widget elementor-widget-heading\" data-id=\"9102f61\" data-element_type=\"widget\" data-widget_type=\"heading.default\">\n\t\t\t\t<div class=\"elementor-widget-container\">\n\t\t\t<h2 class=\"elementor-heading-title elementor-size-default\">\u0130stanbul \/ Kartal Office<\/h2>\t\t<\/div>\n\t\t\t\t<\/div>\n\t\t\t\t<div class=\"elementor-element elementor-element-27fb97c elementor-widget elementor-widget-text-editor\" data-id=\"27fb97c\" data-element_type=\"widget\" data-widget_type=\"text-editor.default\">\n\t\t\t\t<div class=\"elementor-widget-container\">\n\t\t\t\t\t\t\t<div class=\"elementor-element elementor-element-0e12a8f elementor-widget elementor-widget-text-editor\" data-id=\"0e12a8f\" data-element_type=\"widget\" data-widget_type=\"text-editor.default\"><div class=\"elementor-widget-container\"><p>Adress: Bumerang Kartal Plaza Kat:26 No:134 Kartal\/\u0130stanbul<\/p><\/div><\/div>\t\t\t\t\t\t<\/div>\n\t\t\t\t<\/div>\n\t\t\t\t<\/div>\n\t\t<div class=\"elementor-element elementor-element-c121f9e e-con-full e-flex e-con e-child\" data-id=\"c121f9e\" data-element_type=\"container\" data-settings=\"{&quot;background_background&quot;:&quot;gradient&quot;}\">\n\t\t\t\t<div class=\"elementor-element elementor-element-41a537c elementor-widget elementor-widget-heading\" data-id=\"41a537c\" data-element_type=\"widget\" data-widget_type=\"heading.default\">\n\t\t\t\t<div class=\"elementor-widget-container\">\n\t\t\t<h2 class=\"elementor-heading-title elementor-size-default\">\u0130stanbul \/ Ata\u015fehir Office<\/h2>\t\t<\/div>\n\t\t\t\t<\/div>\n\t\t\t\t<div class=\"elementor-element elementor-element-a3fd9c5 elementor-widget elementor-widget-text-editor\" data-id=\"a3fd9c5\" data-element_type=\"widget\" data-widget_type=\"text-editor.default\">\n\t\t\t\t<div class=\"elementor-widget-container\">\n\t\t\t\t\t\t\t<div class=\"elementor-element elementor-element-0e12a8f elementor-widget elementor-widget-text-editor\" data-id=\"0e12a8f\" data-element_type=\"widget\" data-widget_type=\"text-editor.default\"><div class=\"elementor-widget-container\"><p>Adress: Barbaros Mah. Varyap Meridian A Blok Kat: 4 Daire: 51 Ata\u015fehir\/\u0130stanbul<\/p><\/div><\/div>\t\t\t\t\t\t<\/div>\n\t\t\t\t<\/div>\n\t\t\t\t<\/div>\n\t\t\t\t\t<\/div>\n\t\t\t\t<\/div>\n\t\t\t\t<section class=\"elementor-section elementor-top-section elementor-element elementor-element-4711a21 elementor-section-boxed elementor-section-height-default elementor-section-height-default\" data-id=\"4711a21\" data-element_type=\"section\">\n\t\t\t\t\t\t<div class=\"elementor-container elementor-column-gap-extended\">\n\t\t\t\t\t<div class=\"elementor-column elementor-col-100 elementor-top-column elementor-element elementor-element-3247c6e\" data-id=\"3247c6e\" data-element_type=\"column\">\n\t\t\t<div class=\"elementor-widget-wrap elementor-element-populated\">\n\t\t\t\t\t\t<section class=\"elementor-section elementor-inner-section elementor-element elementor-element-c347942 elementor-section-full_width elementor-section-height-default elementor-section-height-default\" data-id=\"c347942\" data-element_type=\"section\">\n\t\t\t\t\t\t<div class=\"elementor-container elementor-column-gap-no\">\n\t\t\t\t\t<div class=\"elementor-column elementor-col-33 elementor-inner-column elementor-element elementor-element-62dfe0c\" data-id=\"62dfe0c\" data-element_type=\"column\">\n\t\t\t<div class=\"elementor-widget-wrap elementor-element-populated\">\n\t\t\t\t\t\t<div class=\"elementor-element elementor-element-50e9ec3 elementor-widget elementor-widget-heading\" data-id=\"50e9ec3\" data-element_type=\"widget\" data-widget_type=\"heading.default\">\n\t\t\t\t<div class=\"elementor-widget-container\">\n\t\t\t<h1 class=\"elementor-heading-title elementor-size-default\">Bize Ula\u015f\u0131n<\/h1>\t\t<\/div>\n\t\t\t\t<\/div>\n\t\t\t\t<div class=\"elementor-element elementor-element-a87a0ca elementor-widget elementor-widget-heading\" data-id=\"a87a0ca\" data-element_type=\"widget\" data-widget_type=\"heading.default\">\n\t\t\t\t<div class=\"elementor-widget-container\">\n\t\t\t<h2 class=\"elementor-heading-title elementor-size-default\">DSS Digital Media\n<\/h2>\t\t<\/div>\n\t\t\t\t<\/div>\n\t\t\t\t<div class=\"elementor-element elementor-element-0a6e689 elementor-widget elementor-widget-text-editor\" data-id=\"0a6e689\" data-element_type=\"widget\" data-widget_type=\"text-editor.default\">\n\t\t\t\t<div class=\"elementor-widget-container\">\n\t\t\t\t\t\t\t<p><span style=\"color: #000000;\"><a style=\"color: #000000;\" href=\"mailto:info@dssmediaproduction.com\">info@dssmediaproduction.com<\/a><\/span><\/p><p><span style=\"color: #000000;\"><a style=\"color: #000000;\" href=\"tel:908503039542\">+90 850 303 95 42<\/a><\/span><\/p>\t\t\t\t\t\t<\/div>\n\t\t\t\t<\/div>\n\t\t\t\t<div class=\"elementor-element elementor-element-a2f6a57 elementor-widget elementor-widget-ms-social-icons\" data-id=\"a2f6a57\" data-element_type=\"widget\" data-widget_type=\"ms-social-icons.default\">\n\t\t\t\t<div class=\"elementor-widget-container\">\n\t\t\t        <div class=\"ms-s-w\">\n                    <a class=\"ms-s-i mono s-icon\" href=\"https:\/\/www.linkedin.com\/company\/dssdigitalmedia\" target=\"_blank\"><i class=\"socicon-linkedin\"><\/i><\/a>\n                    <a class=\"ms-s-i mono s-icon\" href=\"#\"><i class=\"socicon-facebook\"><\/i><\/a>\n                    <a class=\"ms-s-i mono s-icon\" href=\"https:\/\/www.instagram.com\/dssdigitalmedia\/\" target=\"_blank\"><i class=\"socicon-instagram\"><\/i><\/a>\n                    <a class=\"ms-s-i mono s-icon\" href=\"#\"><i class=\"socicon-youtube\"><\/i><\/a>\n                <\/div>\n    \t\t<\/div>\n\t\t\t\t<\/div>\n\t\t\t\t\t<\/div>\n\t\t<\/div>\n\t\t\t\t<div class=\"elementor-column elementor-col-66 elementor-inner-column elementor-element elementor-element-57e913e\" data-id=\"57e913e\" data-element_type=\"column\">\n\t\t\t<div class=\"elementor-widget-wrap elementor-element-populated\">\n\t\t\t\t\t\t<div class=\"elementor-element elementor-element-de14977 elementor-widget elementor-widget-ms-contact-form-7\" data-id=\"de14977\" data-element_type=\"widget\" data-widget_type=\"ms-contact-form-7.default\">\n\t\t\t\t<div class=\"elementor-widget-container\">\n\t\t\t\r\n        <div class=\"ms-contact-form-7\">\r\n\r\n            \n<div class=\"wpcf7 no-js\" id=\"wpcf7-f1872-o1\" lang=\"en-US\" dir=\"ltr\" data-wpcf7-id=\"1872\">\n<div class=\"screen-reader-response\"><p role=\"status\" aria-live=\"polite\" aria-atomic=\"true\"><\/p> <ul><\/ul><\/div>\n<form action=\"\/wp-json\/wp\/v2\/pages\/244\" method=\"post\" class=\"wpcf7-form init demo\" aria-label=\"Contact form\" novalidate=\"novalidate\" data-status=\"init\" data-trp-original-action=\"\/tr\/wp-json\/wp\/v2\/pages\/244#wpcf7-f1872-o1\">\n<div style=\"display: none;\">\n<input type=\"hidden\" name=\"_wpcf7\" value=\"1872\" \/>\n<input type=\"hidden\" name=\"_wpcf7_version\" value=\"6.0.6\" \/>\n<input type=\"hidden\" name=\"_wpcf7_locale\" value=\"en_US\" \/>\n<input type=\"hidden\" name=\"_wpcf7_unit_tag\" value=\"wpcf7-f1872-o1\" \/>\n<input type=\"hidden\" name=\"_wpcf7_container_post\" value=\"0\" \/>\n<input type=\"hidden\" name=\"_wpcf7_posted_data_hash\" value=\"\" \/>\n<\/div>\n<div class=\"row\">\n<div class=\"form-group col-6\">\n    <span class=\"wpcf7-form-control-wrap\" data-name=\"your-name\"><input size=\"40\" maxlength=\"400\" class=\"wpcf7-form-control wpcf7-text wpcf7-validates-as-required form-control\" aria-required=\"true\" aria-invalid=\"false\" placeholder=\"Ad\u0131n\u0131z Soyad\u0131n\u0131z\" value=\"\" type=\"text\" name=\"your-name\" \/><\/span>\n<\/div>\n<div class=\"form-group col-6\">\n    <span class=\"wpcf7-form-control-wrap\" data-name=\"your-email\"><input size=\"40\" maxlength=\"400\" class=\"wpcf7-form-control wpcf7-email wpcf7-validates-as-required wpcf7-text wpcf7-validates-as-email form-control\" aria-required=\"true\" aria-invalid=\"false\" placeholder=\"E-Posta\" value=\"\" type=\"email\" name=\"your-email\" \/><\/span>\n<\/div>\n<div class=\"form-group col-12\">\n    <span class=\"wpcf7-form-control-wrap\" data-name=\"your-telephone\"><input size=\"40\" maxlength=\"400\" class=\"wpcf7-form-control wpcf7-text form-control\" aria-invalid=\"false\" placeholder=\"Telefon\" value=\"\" type=\"text\" name=\"your-telephone\" \/><\/span>\n<\/div>\n<div class=\"form-group col-12\">\n    <span class=\"wpcf7-form-control-wrap\" data-name=\"your-subject\"><input size=\"40\" maxlength=\"400\" class=\"wpcf7-form-control wpcf7-text form-control\" aria-invalid=\"false\" placeholder=\"Konu\" value=\"\" type=\"text\" name=\"your-subject\" \/><\/span>\n<\/div>\n<div class=\"form-group col-12\">\n    <span class=\"wpcf7-form-control-wrap\" data-name=\"message\"><textarea cols=\"40\" rows=\"10\" maxlength=\"2000\" class=\"wpcf7-form-control wpcf7-textarea form-control\" aria-invalid=\"false\" placeholder=\"Mesaj\u0131n\u0131z\" name=\"message\"><\/textarea><\/span>\n<\/div>\n<div class=\"ms-cf--bottom\">\n\n<div class=\"btn btn--ba btn--primary\"><input class=\"wpcf7-form-control wpcf7-submit has-spinner\" type=\"submit\" value=\"G\u00f6nder\" \/><div class=\"ms-btn__text\"><span class=\"text--main\">G\u00f6nder<\/span><span class=\"text--ghost\">G\u00f6nder<\/span><\/div>\n<div class=\"ms-btn--ripple\"><\/div>\n<\/div>\n<\/div>\n<\/div><div class=\"wpcf7-response-output\" aria-hidden=\"true\"><\/div>\n<input type=\"hidden\" name=\"trp-form-language\" value=\"tr\"\/><\/form>\n<\/div>\n\r\n        <\/div>\r\n\r\n        \t\t<\/div>\n\t\t\t\t<\/div>\n\t\t\t\t\t<\/div>\n\t\t<\/div>\n\t\t\t\t\t<\/div>\n\t\t<\/section>\n\t\t\t\t\t<\/div>\n\t\t<\/div>\n\t\t\t\t\t<\/div>\n\t\t<\/section>\n\t\t\t\t<\/div>","protected":false},"excerpt":{"rendered":"<p>\u0130stanbul \/ Kartal Office Adress: Bumerang Kartal Plaza Kat:26 No:134 Kartal\/\u0130stanbul \u0130stanbul \/ Ata\u015fehir Office Adress: Barbaros Mah. Varyap Meridian A Blok Kat: 4 [&hellip;]<\/p>","protected":false},"author":1,"featured_media":0,"parent":0,"menu_order":0,"comment_status":"closed","ping_status":"closed","template":"page-custom.php","meta":{"_acf_changed":false,"footnotes":""},"class_list":["post-244","page","type-page","status-publish","hentry"],"acf":{"full_width":false,"header_transparent":false},"yoast_head":"<!-- This site is optimized with the Yoast SEO plugin v25.2 - https:\/\/yoast.com\/wordpress\/plugins\/seo\/ -->\n<title>Contact Us - DSS Digital Media<\/title>\n<meta name=\"robots\" content=\"index, follow, max-snippet:-1, max-image-preview:large, max-video-preview:-1\" \/>\n<link rel=\"canonical\" href=\"https:\/\/dssmediaproduction.com\/tr\/contact-us\/\" \/>\n<meta property=\"og:locale\" content=\"tr_TR\" \/>\n<meta property=\"og:type\" content=\"article\" \/>\n<meta property=\"og:title\" content=\"Contact Us - DSS Digital Media\" \/>\n<meta property=\"og:description\" content=\"\u0130stanbul \/ Kartal Office Adress: Bumerang Kartal Plaza Kat:26 No:134 Kartal\/\u0130stanbul \u0130stanbul \/ Ata\u015fehir Office Adress: Barbaros Mah. Varyap Meridian A Blok Kat: 4 [&hellip;]\" \/>\n<meta property=\"og:url\" content=\"https:\/\/dssmediaproduction.com\/tr\/contact-us\/\" \/>\n<meta property=\"og:site_name\" content=\"DSS Digital Media\" \/>\n<meta property=\"article:modified_time\" content=\"2025-07-01T18:13:06+00:00\" \/>\n<meta name=\"twitter:card\" content=\"summary_large_image\" \/>\n<meta name=\"twitter:label1\" content=\"Tahmini okuma s\u00fcresi\" \/>\n\t<meta name=\"twitter:data1\" content=\"1 dakika\" \/>\n<script type=\"application\/ld+json\" class=\"yoast-schema-graph\">{\"@context\":\"https:\/\/schema.org\",\"@graph\":[{\"@type\":\"WebPage\",\"@id\":\"https:\/\/dssmediaproduction.com\/contact-us\/\",\"url\":\"https:\/\/dssmediaproduction.com\/contact-us\/\",\"name\":\"Contact Us - DSS Digital Media\",\"isPartOf\":{\"@id\":\"https:\/\/dssmediaproduction.com\/#website\"},\"datePublished\":\"2022-05-24T08:14:53+00:00\",\"dateModified\":\"2025-07-01T18:13:06+00:00\",\"breadcrumb\":{\"@id\":\"https:\/\/dssmediaproduction.com\/contact-us\/#breadcrumb\"},\"inLanguage\":\"tr\",\"potentialAction\":[{\"@type\":\"ReadAction\",\"target\":[\"https:\/\/dssmediaproduction.com\/contact-us\/\"]}]},{\"@type\":\"BreadcrumbList\",\"@id\":\"https:\/\/dssmediaproduction.com\/contact-us\/#breadcrumb\",\"itemListElement\":[{\"@type\":\"ListItem\",\"position\":1,\"name\":\"Anasayfa\",\"item\":\"https:\/\/dssmediaproduction.com\/\"},{\"@type\":\"ListItem\",\"position\":2,\"name\":\"Contact Us\"}]},{\"@type\":\"WebSite\",\"@id\":\"https:\/\/dssmediaproduction.com\/#website\",\"url\":\"https:\/\/dssmediaproduction.com\/\",\"name\":\"DSS Digital Media\",\"description\":\"\",\"publisher\":{\"@id\":\"https:\/\/dssmediaproduction.com\/#organization\"},\"potentialAction\":[{\"@type\":\"SearchAction\",\"target\":{\"@type\":\"EntryPoint\",\"urlTemplate\":\"https:\/\/dssmediaproduction.com\/?s={search_term_string}\"},\"query-input\":{\"@type\":\"PropertyValueSpecification\",\"valueRequired\":true,\"valueName\":\"search_term_string\"}}],\"inLanguage\":\"tr\"},{\"@type\":\"Organization\",\"@id\":\"https:\/\/dssmediaproduction.com\/#organization\",\"name\":\"DSS Digital Media\",\"url\":\"https:\/\/dssmediaproduction.com\/\",\"logo\":{\"@type\":\"ImageObject\",\"inLanguage\":\"tr\",\"@id\":\"https:\/\/dssmediaproduction.com\/#\/schema\/logo\/image\/\",\"url\":\"https:\/\/dssmediaproduction.com\/wp-content\/uploads\/2022\/05\/anthony-lim-plmqgH3BZiA-unsplash.jpg\",\"contentUrl\":\"https:\/\/dssmediaproduction.com\/wp-content\/uploads\/2022\/05\/anthony-lim-plmqgH3BZiA-unsplash.jpg\",\"width\":1240,\"height\":827,\"caption\":\"DSS Digital Media\"},\"image\":{\"@id\":\"https:\/\/dssmediaproduction.com\/#\/schema\/logo\/image\/\"},\"sameAs\":[\"https:\/\/www.instagram.com\/dssdigitalmedia\"]}]}<\/script>\n<!-- \/ Yoast SEO plugin. -->","yoast_head_json":{"title":"Contact Us - DSS Digital Media","robots":{"index":"index","follow":"follow","max-snippet":"max-snippet:-1","max-image-preview":"max-image-preview:large","max-video-preview":"max-video-preview:-1"},"canonical":"https:\/\/dssmediaproduction.com\/tr\/contact-us\/","og_locale":"tr_TR","og_type":"article","og_title":"Contact Us - DSS Digital Media","og_description":"\u0130stanbul \/ Kartal Office Adress: Bumerang Kartal Plaza Kat:26 No:134 Kartal\/\u0130stanbul \u0130stanbul \/ Ata\u015fehir Office Adress: Barbaros Mah. Varyap Meridian A Blok Kat: 4 [&hellip;]","og_url":"https:\/\/dssmediaproduction.com\/tr\/contact-us\/","og_site_name":"DSS Digital Media","article_modified_time":"2025-07-01T18:13:06+00:00","twitter_card":"summary_large_image","twitter_misc":{"Tahmini okuma s\u00fcresi":"1 dakika"},"schema":{"@context":"https:\/\/schema.org","@graph":[{"@type":"WebPage","@id":"https:\/\/dssmediaproduction.com\/contact-us\/","url":"https:\/\/dssmediaproduction.com\/contact-us\/","name":"Contact Us - DSS Digital Media","isPartOf":{"@id":"https:\/\/dssmediaproduction.com\/#website"},"datePublished":"2022-05-24T08:14:53+00:00","dateModified":"2025-07-01T18:13:06+00:00","breadcrumb":{"@id":"https:\/\/dssmediaproduction.com\/contact-us\/#breadcrumb"},"inLanguage":"tr","potentialAction":[{"@type":"ReadAction","target":["https:\/\/dssmediaproduction.com\/contact-us\/"]}]},{"@type":"BreadcrumbList","@id":"https:\/\/dssmediaproduction.com\/contact-us\/#breadcrumb","itemListElement":[{"@type":"ListItem","position":1,"name":"Anasayfa","item":"https:\/\/dssmediaproduction.com\/"},{"@type":"ListItem","position":2,"name":"Contact Us"}]},{"@type":"WebSite","@id":"https:\/\/dssmediaproduction.com\/#website","url":"https:\/\/dssmediaproduction.com\/","name":"DSS Digital Media","description":"","publisher":{"@id":"https:\/\/dssmediaproduction.com\/#organization"},"potentialAction":[{"@type":"SearchAction","target":{"@type":"EntryPoint","urlTemplate":"https:\/\/dssmediaproduction.com\/?s={search_term_string}"},"query-input":{"@type":"PropertyValueSpecification","valueRequired":true,"valueName":"search_term_string"}}],"inLanguage":"tr"},{"@type":"Organization","@id":"https:\/\/dssmediaproduction.com\/#organization","name":"DSS Digital Media","url":"https:\/\/dssmediaproduction.com\/","logo":{"@type":"ImageObject","inLanguage":"tr","@id":"https:\/\/dssmediaproduction.com\/#\/schema\/logo\/image\/","url":"https:\/\/dssmediaproduction.com\/wp-content\/uploads\/2022\/05\/anthony-lim-plmqgH3BZiA-unsplash.jpg","contentUrl":"https:\/\/dssmediaproduction.com\/wp-content\/uploads\/2022\/05\/anthony-lim-plmqgH3BZiA-unsplash.jpg","width":1240,"height":827,"caption":"DSS Digital Media"},"image":{"@id":"https:\/\/dssmediaproduction.com\/#\/schema\/logo\/image\/"},"sameAs":["https:\/\/www.instagram.com\/dssdigitalmedia"]}]}},"_links":{"self":[{"href":"https:\/\/dssmediaproduction.com\/tr\/wp-json\/wp\/v2\/pages\/244","targetHints":{"allow":["GET"]}}],"collection":[{"href":"https:\/\/dssmediaproduction.com\/tr\/wp-json\/wp\/v2\/pages"}],"about":[{"href":"https:\/\/dssmediaproduction.com\/tr\/wp-json\/wp\/v2\/types\/page"}],"author":[{"embeddable":true,"href":"https:\/\/dssmediaproduction.com\/tr\/wp-json\/wp\/v2\/users\/1"}],"replies":[{"embeddable":true,"href":"https:\/\/dssmediaproduction.com\/tr\/wp-json\/wp\/v2\/comments?post=244"}],"version-history":[{"count":49,"href":"https:\/\/dssmediaproduction.com\/tr\/wp-json\/wp\/v2\/pages\/244\/revisions"}],"predecessor-version":[{"id":3375,"href":"https:\/\/dssmediaproduction.com\/tr\/wp-json\/wp\/v2\/pages\/244\/revisions\/3375"}],"wp:attachment":[{"href":"https:\/\/dssmediaproduction.com\/tr\/wp-json\/wp\/v2\/media?parent=244"}],"curies":[{"name":"wp","href":"https:\/\/api.w.org\/{rel}","templated":true}]}}